{"id":31,"date":"2023-08-01T15:45:55","date_gmt":"2023-08-01T13:45:55","guid":{"rendered":"https:\/\/alevlv.be\/inscription\/?page_id=31"},"modified":"2023-08-01T16:24:20","modified_gmt":"2023-08-01T14:24:20","slug":"informatique","status":"publish","type":"page","link":"https:\/\/alevlv.be\/inscription\/informatique\/","title":{"rendered":"Informatique \ud83d\udcbb"},"content":{"rendered":"<style id=\"wpforms-css-vars-root\">\n\t\t\t\t:root {\n\t\t\t\t\t--wpforms-field-border-radius: 3px;\n--wpforms-field-background-color: #ffffff;\n--wpforms-field-border-color: rgba( 0, 0, 0, 0.25 );\n--wpforms-field-text-color: rgba( 0, 0, 0, 0.7 );\n--wpforms-label-color: rgba( 0, 0, 0, 0.85 );\n--wpforms-label-sublabel-color: rgba( 0, 0, 0, 0.55 );\n--wpforms-label-error-color: #d63637;\n--wpforms-button-border-radius: 3px;\n--wpforms-button-background-color: #066aab;\n--wpforms-button-text-color: #ffffff;\n--wpforms-field-size-input-height: 43px;\n--wpforms-field-size-input-spacing: 15px;\n--wpforms-field-size-font-size: 16px;\n--wpforms-field-size-line-height: 19px;\n--wpforms-field-size-padding-h: 14px;\n--wpforms-field-size-checkbox-size: 16px;\n--wpforms-field-size-sublabel-spacing: 5px;\n--wpforms-field-size-icon-size: 1;\n--wpforms-label-size-font-size: 16px;\n--wpforms-label-size-line-height: 19px;\n--wpforms-label-size-sublabel-font-size: 14px;\n--wpforms-label-size-sublabel-line-height: 17px;\n--wpforms-button-size-font-size: 17px;\n--wpforms-button-size-height: 41px;\n--wpforms-button-size-padding-h: 15px;\n--wpforms-button-size-margin-top: 10px;\n\n\t\t\t\t}\n\t\t\t<\/style><div class=\"wpforms-container wpforms-container-full wpforms-block wpforms-block-93f43995-47ac-48a4-a810-dba93963f046 wpforms-render-modern\" id=\"wpforms-8\"><form id=\"wpforms-form-8\" class=\"wpforms-validate wpforms-form wpforms-ajax-form\" data-formid=\"8\" method=\"post\" enctype=\"multipart\/form-data\" action=\"\/inscription\/wp-json\/wp\/v2\/pages\/31\" data-token=\"26f8952acd801f136111b8f4f82551c2\"><noscript class=\"wpforms-error-noscript\">Veuillez activer JavaScript dans votre navigateur pour remplir ce formulaire.<\/noscript><div class=\"wpforms-hidden\" id=\"wpforms-error-noscript\">Veuillez activer JavaScript dans votre navigateur pour remplir ce formulaire.<\/div><div class=\"wpforms-field-container\"><div id=\"wpforms-8-field_13-container\" class=\"wpforms-field wpforms-field-layout\" data-field-id=\"13\"><label class=\"wpforms-field-label wpforms-label-hide\" for=\"wpforms-8-field_13\" aria-hidden=\"false\">Mise en page<\/label><div class=\"wpforms-field-layout-columns wpforms-field-layout-preset-67-33\"><div class=\"wpforms-layout-column wpforms-layout-column-67\"><div id=\"wpforms-8-field_14-container\" class=\"wpforms-field wpforms-field-name\" data-field-id=\"14\"><fieldset><legend class=\"wpforms-field-label\">Nom <span class=\"wpforms-required-label\" aria-hidden=\"true\">*<\/span><\/legend><div class=\"wpforms-field-row wpforms-field-medium\"><div class=\"wpforms-field-row-block wpforms-first wpforms-one-half\"><input type=\"text\" id=\"wpforms-8-field_14\" class=\"wpforms-field-name-first wpforms-field-required\" name=\"wpforms[fields][14][first]\" aria-errormessage=\"wpforms-8-field_14-error\" required><label for=\"wpforms-8-field_14\" class=\"wpforms-field-sublabel after \">Pr\u00e9nom<\/label><\/div><div class=\"wpforms-field-row-block wpforms-one-half\"><input type=\"text\" id=\"wpforms-8-field_14-last\" class=\"wpforms-field-name-last wpforms-field-required\" name=\"wpforms[fields][14][last]\" aria-errormessage=\"wpforms-8-field_14-last-error\" required><label for=\"wpforms-8-field_14-last\" class=\"wpforms-field-sublabel after \">Nom<\/label><\/div><\/div><\/fieldset><\/div><\/div><div class=\"wpforms-layout-column wpforms-layout-column-33\"><div id=\"wpforms-8-field_16-container\" class=\"wpforms-field wpforms-field-phone\" data-field-id=\"16\"><label class=\"wpforms-field-label\" for=\"wpforms-8-field_16\">T\u00e9l\u00e9phone <span class=\"wpforms-required-label\" aria-hidden=\"true\">*<\/span><\/label><input type=\"tel\" id=\"wpforms-8-field_16\" class=\"wpforms-field-medium wpforms-field-required\" data-rule-int-phone-field=\"true\" name=\"wpforms[fields][16]\" aria-errormessage=\"wpforms-8-field_16-error\" aria-describedby=\"wpforms-8-field_16-description\" required><div id=\"wpforms-8-field_16-description\" class=\"wpforms-field-description\">Pour rester en contact avec votre formateur<\/div><\/div><\/div><\/div><\/div><div id=\"wpforms-8-field_31-container\" class=\"wpforms-field wpforms-field-payment-multiple wpforms-list-2-columns wpforms-conditional-trigger\" data-field-id=\"31\"><fieldset><legend class=\"wpforms-field-label\">Quelle est votre activit\u00e9 actuelle ? <span class=\"wpforms-required-label\" aria-hidden=\"true\">*<\/span><\/legend><ul id=\"wpforms-8-field_31\" class=\"wpforms-field-required\"><li class=\"choice-1\"><input type=\"radio\" id=\"wpforms-8-field_31_1\" class=\"wpforms-payment-price\" data-amount=\"0,00\" name=\"wpforms[fields][31]\" value=\"1\" aria-errormessage=\"wpforms-8-field_31_1-error\" required ><label class=\"wpforms-field-label-inline\" for=\"wpforms-8-field_31_1\">Demandeur d\u2019emploi ou allocataire social<\/label><\/li><li class=\"choice-2\"><input type=\"radio\" id=\"wpforms-8-field_31_2\" class=\"wpforms-payment-price\" data-amount=\"100,00\" name=\"wpforms[fields][31]\" value=\"2\" aria-errormessage=\"wpforms-8-field_31_2-error\" required ><label class=\"wpforms-field-label-inline\" for=\"wpforms-8-field_31_2\">Autre (travailleur, pensionn\u00e9, &#8230;)<\/label><\/li><\/ul><\/fieldset><\/div><div id=\"wpforms-8-field_34-container\" class=\"wpforms-field wpforms-field-layout\" data-field-id=\"34\"><label class=\"wpforms-field-label wpforms-label-hide\" for=\"wpforms-8-field_34\" aria-hidden=\"false\">Mise en page<\/label><div class=\"wpforms-field-layout-columns wpforms-field-layout-preset-50-50\"><div class=\"wpforms-layout-column wpforms-layout-column-50\"><div id=\"wpforms-8-field_32-container\" class=\"wpforms-field wpforms-field-checkbox wpforms-conditional-trigger\" data-field-id=\"32\"><fieldset><legend class=\"wpforms-field-label wpforms-label-hide\" aria-hidden=\"false\">Email<\/legend><ul id=\"wpforms-8-field_32\"><li class=\"choice-1 depth-1\"><input type=\"checkbox\" id=\"wpforms-8-field_32_1\" name=\"wpforms[fields][32][]\" value=\"Je ne dispose pas d&#039;email\" aria-errormessage=\"wpforms-8-field_32_1-error\"  ><label class=\"wpforms-field-label-inline\" for=\"wpforms-8-field_32_1\">Je ne dispose pas d&#8217;email<\/label><\/li><\/ul><\/fieldset><\/div><\/div><div class=\"wpforms-layout-column wpforms-layout-column-50\"><div id=\"wpforms-8-field_2-container\" class=\"wpforms-field wpforms-field-email wpforms-conditional-field wpforms-conditional-hide\" data-field-id=\"2\"><label class=\"wpforms-field-label\" for=\"wpforms-8-field_2\">E-mail <span class=\"wpforms-required-label\" aria-hidden=\"true\">*<\/span><\/label><input type=\"email\" id=\"wpforms-8-field_2\" class=\"wpforms-field-medium wpforms-field-required\" name=\"wpforms[fields][2]\" spellcheck=\"false\" aria-errormessage=\"wpforms-8-field_2-error\" required><\/div><\/div><\/div><\/div><div id=\"wpforms-8-field_33-container\" class=\"wpforms-field wpforms-field-address wpforms-conditional-field wpforms-conditional-show\" data-field-id=\"33\" style=\"display:none;\"><fieldset><legend class=\"wpforms-field-label\">Adresse <span class=\"wpforms-required-label\" aria-hidden=\"true\">*<\/span><\/legend><div class=\"wpforms-field-row wpforms-field-medium\"><div ><input type=\"text\" id=\"wpforms-8-field_33\" class=\"wpforms-field-address-address1 wpforms-field-required\" name=\"wpforms[fields][33][address1]\" aria-errormessage=\"wpforms-8-field_33-error\" required><label for=\"wpforms-8-field_33\" class=\"wpforms-field-sublabel after \">Address Line 1<\/label><\/div><\/div><div class=\"wpforms-field-row wpforms-field-medium\"><div class=\"wpforms-field-row-block wpforms-one-half wpforms-first\"><input type=\"text\" id=\"wpforms-8-field_33-city\" class=\"wpforms-field-address-city wpforms-field-required\" name=\"wpforms[fields][33][city]\" aria-errormessage=\"wpforms-8-field_33-city-error\" required><label for=\"wpforms-8-field_33-city\" class=\"wpforms-field-sublabel after \">City<\/label><\/div><div class=\"wpforms-field-row-block wpforms-one-half\"><input type=\"text\" id=\"wpforms-8-field_33-state\" class=\"wpforms-field-address-state wpforms-field-required\" name=\"wpforms[fields][33][state]\" aria-errormessage=\"wpforms-8-field_33-state-error\" required><label for=\"wpforms-8-field_33-state\" class=\"wpforms-field-sublabel after \">State \/ Province \/ Region<\/label><\/div><\/div><div class=\"wpforms-field-row wpforms-field-medium\"><div class=\"wpforms-field-row-block wpforms-one-half wpforms-first\"><input type=\"text\" id=\"wpforms-8-field_33-postal\" class=\"wpforms-field-address-postal wpforms-field-required\" name=\"wpforms[fields][33][postal]\" aria-errormessage=\"wpforms-8-field_33-postal-error\" required><label for=\"wpforms-8-field_33-postal\" class=\"wpforms-field-sublabel after \">Postal Code<\/label><\/div><\/div><\/fieldset><\/div><div id=\"wpforms-8-field_38-container\" class=\"wpforms-field wpforms-field-html wpforms-conditional-field wpforms-conditional-show\" data-field-id=\"38\" style=\"display:none;\"><div id=\"wpforms-8-field_38\" aria-errormessage=\"wpforms-8-field_38-error\"><div class=\"wpforms-field-description\">Il vous est demand\u00e9 lors de votre premier cours de vous pr\u00e9senter avec une\u00a0<b><i>attestation r\u00e9cente de votre inscription comme demandeur d\u2019emploi aupr\u00e8s du Forem.<\/i><\/b><\/div><\/div><\/div><div id=\"wpforms-8-field_41-container\" class=\"wpforms-field wpforms-field-payment-total\" data-field-id=\"41\" aria-live=\"polite\" aria-atomic=\"true\"><label class=\"wpforms-field-label\" for=\"wpforms-8-field_41\">Total<\/label><div class=\"wpforms-payment-total\">0,00 &euro;<\/div><input type=\"hidden\" id=\"wpforms-8-field_41\" class=\"wpforms-payment-total\" name=\"wpforms[fields][41]\" value=\"0\" aria-errormessage=\"wpforms-8-field_41-error\" aria-describedby=\"wpforms-8-field_41-description\"><div id=\"wpforms-8-field_41-description\" class=\"wpforms-field-description\">Si vous \u00eates \u00ab\u00a0Autre (travailleur, pensionn\u00e9, \u2026)\u00a0\u00bb n&rsquo;oubliez pas d&rsquo;effecter un virement bancaire du total indiqu\u00e9 sur le num\u00e9ro de compte :\r\nBE 64 0910112737 52\r\nAvec la communication votre nom et pr\u00e9nom Informatique.<\/div><\/div><div id=\"wpforms-8-field_39-container\" class=\"wpforms-field wpforms-field-html\" data-field-id=\"39\"><div id=\"wpforms-8-field_39\" aria-errormessage=\"wpforms-8-field_39-error\"><div class=\"wpforms-field-description\">Les donn\u00e9es sont collect\u00e9es uniquement afin de g\u00e9rer les inscriptions et la communication.<\/div><\/div><\/div><\/div><!-- .wpforms-field-container --><div class=\"wpforms-submit-container\" ><input type=\"hidden\" name=\"wpforms[id]\" value=\"8\"><input type=\"hidden\" name=\"wpforms[author]\" value=\"1\"><button type=\"submit\" name=\"wpforms[submit]\" id=\"wpforms-submit-8\" class=\"wpforms-submit\" data-alt-text=\"Envoi...\" data-submit-text=\"Envoyer\" aria-live=\"assertive\" value=\"wpforms-submit\">Envoyer<\/button><img loading=\"lazy\" decoding=\"async\" src=\"https:\/\/alevlv.be\/inscription\/wp-content\/plugins\/wpforms\/assets\/images\/submit-spin.svg\" class=\"wpforms-submit-spinner\" style=\"display: none;\" width=\"26\" height=\"26\" alt=\"Chargement en cours\"><\/div><\/form><\/div>  <!-- .wpforms-container -->","protected":false},"excerpt":{"rendered":"","protected":false},"author":1,"featured_media":0,"parent":0,"menu_order":0,"comment_status":"closed","ping_status":"closed","template":"","meta":{"footnotes":""},"class_list":["post-31","page","type-page","status-publish","hentry"],"_links":{"self":[{"href":"https:\/\/alevlv.be\/inscription\/wp-json\/wp\/v2\/pages\/31","targetHints":{"allow":["GET"]}}],"collection":[{"href":"https:\/\/alevlv.be\/inscription\/wp-json\/wp\/v2\/pages"}],"about":[{"href":"https:\/\/alevlv.be\/inscription\/wp-json\/wp\/v2\/types\/page"}],"author":[{"embeddable":true,"href":"https:\/\/alevlv.be\/inscription\/wp-json\/wp\/v2\/users\/1"}],"replies":[{"embeddable":true,"href":"https:\/\/alevlv.be\/inscription\/wp-json\/wp\/v2\/comments?post=31"}],"version-history":[{"count":3,"href":"https:\/\/alevlv.be\/inscription\/wp-json\/wp\/v2\/pages\/31\/revisions"}],"predecessor-version":[{"id":110,"href":"https:\/\/alevlv.be\/inscription\/wp-json\/wp\/v2\/pages\/31\/revisions\/110"}],"wp:attachment":[{"href":"https:\/\/alevlv.be\/inscription\/wp-json\/wp\/v2\/media?parent=31"}],"curies":[{"name":"wp","href":"https:\/\/api.w.org\/{rel}","templated":true}]}}